{"id":15,"date":"2025-10-08T09:49:19","date_gmt":"2025-10-08T09:49:19","guid":{"rendered":"https:\/\/fireup.io.vn\/index.php\/home\/"},"modified":"2025-10-09T15:15:20","modified_gmt":"2025-10-09T15:15:20","slug":"home","status":"publish","type":"page","link":"https:\/\/fireup.io.vn\/","title":{"rendered":"V\u1ec1 Ch\u00fang T\u00f4i"},"content":{"rendered":"\r\n<div class=\"wp-block-cover alignfull has-white-background-color has-background-dim hestia-clear-top-padding\">\r\n<div class=\"wp-block-cover__inner-container is-layout-flow wp-block-cover-is-layout-flow\">\r\n<h2 class=\"wp-block-heading\"><\/h2>\r\n<h2 class=\"has-text-align-center has-text-color\" style=\"color: #3c4858;\">V\u1ec1 Ch\u00fang T\u00f4i<\/h2>\r\n\r\n\r\n\r\n<div style=\"height: 40px;\" aria-hidden=\"true\" class=\"wp-block-spacer\"><\/div>\r\n\r\n\r\n\r\n<div class=\"wp-block-columns container is-layout-flex wp-container-core-columns-is-layout-28f84493 wp-block-columns-is-layout-flex\">\r\n<div class=\"wp-block-column is-layout-flow wp-block-column-is-layout-flow\">\r\n<div class=\"wp-block-image\">\r\n<figure class=\"aligncenter size-large\"><img decoding=\"async\" src=\"https:\/\/fireup.io.vn\/wp-content\/themes\/hestia\/assets\/img\/feat1.png\" alt=\"\" class=\"wp-image-70\" \/><\/figure>\r\n<\/div>\r\n\r\n\r\n\r\n<h5 class=\"has-text-align-center has-text-color wp-block-heading\" style=\"color: #3c4858; font-size: 18px;\">T\u1ea7m Nh\u00ecn<\/h5>\r\n\r\n\r\n\r\n<p class=\"has-text-align-center has-text-color\" style=\"color: #999999; font-size: 14px;\"><span>Tr\u1edf th\u00e0nh n\u1ec1n t\u1ea3ng n\u1ed9i dung h\u00e0ng \u0111\u1ea7u, \u0111\u1ecbnh h\u00ecnh t\u01b0 duy v\u00e0 h\u1ed7 tr\u1ee3 vi\u1ec7c x\u00e2y d\u1ef1ng c\u00e1c &#8220;K\u1ef3 l\u00e2n&#8221; ti\u1ebfp theo t\u1ea1i Vi\u1ec7t Nam. Fire Up \u0111\u1eb7t m\u1ee5c ti\u00eau kh\u00f4ng ch\u1ec9 l\u00e0 ngu\u1ed3n tham kh\u1ea3o m\u00e0 c\u00f2n l\u00e0 ngu\u1ed3n \u0111\u1ed9ng l\u1ef1c kh\u00f4ng bao gi\u1edd t\u1eaft.<\/span><\/p>\r\n\r\n\r\n\r\n<div style=\"height: 25px;\" aria-hidden=\"true\" class=\"wp-block-spacer\"><\/div>\r\n<\/div>\r\n\r\n\r\n\r\n<div class=\"wp-block-column is-layout-flow wp-block-column-is-layout-flow\">\r\n<div class=\"wp-block-image\">\r\n<figure class=\"aligncenter size-large\"><img decoding=\"async\" src=\"https:\/\/fireup.io.vn\/wp-content\/themes\/hestia\/assets\/img\/feat2.png\" alt=\"\" class=\"wp-image-71\" \/><\/figure>\r\n<\/div>\r\n\r\n\r\n\r\n<h5 class=\"has-text-align-center has-text-color wp-block-heading\" style=\"color: #3c4858; font-size: 18px;\">S\u1ee9 M\u1ec7nh<\/h5>\r\n\r\n\r\n\r\n<p class=\"has-text-align-center has-text-color\" style=\"color: #999999; font-size: 14px;\"><span>Th\u1eafp s\u00e1ng \u00fd t\u01b0\u1edfng, T\u0103ng t\u1ed1c h\u00e0nh \u0111\u1ed9ng<\/span><\/p>\r\n\r\n\r\n\r\n<div style=\"height: 25px;\" aria-hidden=\"true\" class=\"wp-block-spacer\"><\/div>\r\n<\/div>\r\n\r\n\r\n\r\n<div class=\"wp-block-column is-layout-flow wp-block-column-is-layout-flow\">\r\n<div class=\"wp-block-image\">\r\n<figure class=\"aligncenter size-large\"><img decoding=\"async\" src=\"https:\/\/fireup.io.vn\/wp-content\/themes\/hestia\/assets\/img\/feat3.png\" alt=\"\" class=\"wp-image-72\" \/><\/figure>\r\n<\/div>\r\n\r\n\r\n\r\n<h5 class=\"has-text-align-center has-text-color wp-block-heading\" style=\"color: #3c4858; font-size: 18px;\">Gi\u00e1 Tr\u1ecb C\u1ed1t L\u00f5i<\/h5>\r\n\r\n\r\n\r\n<p class=\"has-text-align-center has-text-color\" style=\"color: #999999; font-size: 14px;\"><span> \u0110\u1ed5i m\u1edbi, Tin c\u1eady v\u00e0 \u0110\u1ed9ng l\u1ef1c<\/span><\/p>\r\n\r\n\r\n\r\n<div style=\"height: 25px;\" aria-hidden=\"true\" class=\"wp-block-spacer\"><\/div>\r\n<\/div>\r\n<\/div>\r\n\r\n\r\n\r\n<div style=\"height: 40px;\" aria-hidden=\"true\" class=\"wp-block-spacer\"><\/div>\r\n<\/div>\r\n<\/div>\r\n\r\n\r\n\r\n<div class=\"wp-block-columns container is-layout-flex wp-container-core-columns-is-layout-28f84493 wp-block-columns-is-layout-flex\">\r\n<div class=\"wp-block-column col-md-5 is-layout-flow wp-block-column-is-layout-flow\">\r\n<div style=\"height: 55px;\" aria-hidden=\"true\" class=\"wp-block-spacer\"><\/div>\r\n\r\n\r\n\r\n<h2 class=\"wp-block-heading\">FireUp<\/h2>\r\n\r\n\r\n\r\n<p><span>Fire Up l\u00e0 n\u01a1i ch\u00fang t\u00f4i ch\u00e2m ng\u00f2i v\u00e0 lan t\u1ecfa ng\u1ecdn l\u1eeda \u0111am m\u00ea kh\u1edfi nghi\u1ec7p, bi\u1ebfn nh\u1eefng \u00fd t\u01b0\u1edfng t\u00e1o b\u1ea1o nh\u1ea5t th\u00e0nh k\u1ebf ho\u1ea1ch h\u00e0nh \u0111\u1ed9ng c\u1ee5 th\u1ec3.<\/span><\/p>\r\n<\/div>\r\n\r\n\r\n\r\n<div class=\"wp-block-column col-md-6 col-md-offset1 is-layout-flow wp-block-column-is-layout-flow\">\r\n<div style=\"height: 55px;\" aria-hidden=\"true\" class=\"wp-block-spacer\"><\/div>\r\n\r\n\r\n\r\n<figure class=\"wp-block-image size-large\"><img decoding=\"async\" src=\"https:\/\/fireup.io.vn\/wp-content\/themes\/hestia\/assets\/img\/about-content.png\" alt=\"\" class=\"wp-image-81\" \/><\/figure>\r\n\r\n\r\n\r\n<p>&nbsp;<\/p>\r\n<\/div>\r\n<\/div>\r\n","protected":false},"excerpt":{"rendered":"<p>FireUp Fire Up l\u00e0 n\u01a1i ch\u00fang t\u00f4i ch\u00e2m ng\u00f2i v\u00e0 lan t\u1ecfa ng\u1ecdn l\u1eeda \u0111am m\u00ea kh\u1edfi nghi\u1ec7p, bi\u1ebfn nh\u1eefng \u00fd t\u01b0\u1edfng t\u00e1o b\u1ea1o nh\u1ea5t th\u00e0nh k\u1ebf ho\u1ea1ch h\u00e0nh \u0111\u1ed9ng c\u1ee5 th\u1ec3. &nbsp;<\/p>\n","protected":false},"author":1,"featured_media":91,"parent":0,"menu_order":0,"comment_status":"closed","ping_status":"closed","template":"","meta":{"_themeisle_gutenberg_block_has_review":false,"footnotes":""},"class_list":["post-15","page","type-page","status-publish","has-post-thumbnail","hentry"],"yoast_head":"<!-- This site is optimized with the Yoast SEO plugin v26.0 - https:\/\/yoast.com\/wordpress\/plugins\/seo\/ -->\n<title>V\u1ec1 Ch\u00fang T\u00f4i - My Company<\/title>\n<meta name=\"robots\" content=\"index, follow, max-snippet:-1, max-image-preview:large, max-video-preview:-1\" \/>\n<link rel=\"canonical\" href=\"https:\/\/fireup.io.vn\/\" \/>\n<meta property=\"og:locale\" content=\"vi_VN\" \/>\n<meta property=\"og:type\" content=\"article\" \/>\n<meta property=\"og:title\" content=\"V\u1ec1 Ch\u00fang T\u00f4i - My Company\" \/>\n<meta property=\"og:description\" content=\"FireUp Fire Up l\u00e0 n\u01a1i ch\u00fang t\u00f4i ch\u00e2m ng\u00f2i v\u00e0 lan t\u1ecfa ng\u1ecdn l\u1eeda \u0111am m\u00ea kh\u1edfi nghi\u1ec7p, bi\u1ebfn nh\u1eefng \u00fd t\u01b0\u1edfng t\u00e1o b\u1ea1o nh\u1ea5t th\u00e0nh k\u1ebf ho\u1ea1ch h\u00e0nh \u0111\u1ed9ng c\u1ee5 th\u1ec3. &nbsp;\" \/>\n<meta property=\"og:url\" content=\"https:\/\/fireup.io.vn\/\" \/>\n<meta property=\"og:site_name\" content=\"My Company\" \/>\n<meta property=\"article:modified_time\" content=\"2025-10-09T15:15:20+00:00\" \/>\n<meta property=\"og:image\" content=\"https:\/\/fireup.io.vn\/wp-content\/uploads\/2025\/10\/Picture6.png\" \/>\n\t<meta property=\"og:image:width\" content=\"576\" \/>\n\t<meta property=\"og:image:height\" content=\"303\" \/>\n\t<meta property=\"og:image:type\" content=\"image\/png\" \/>\n<meta name=\"twitter:card\" content=\"summary_large_image\" \/>\n<meta name=\"twitter:label1\" content=\"\u01af\u1edbc t\u00ednh th\u1eddi gian \u0111\u1ecdc\" \/>\n\t<meta name=\"twitter:data1\" content=\"2 ph\u00fat\" \/>\n<script type=\"application\/ld+json\" class=\"yoast-schema-graph\">{\"@context\":\"https:\/\/schema.org\",\"@graph\":[{\"@type\":\"WebPage\",\"@id\":\"https:\/\/fireup.io.vn\/\",\"url\":\"https:\/\/fireup.io.vn\/\",\"name\":\"V\u1ec1 Ch\u00fang T\u00f4i - My Company\",\"isPartOf\":{\"@id\":\"https:\/\/fireup.io.vn\/#website\"},\"primaryImageOfPage\":{\"@id\":\"https:\/\/fireup.io.vn\/#primaryimage\"},\"image\":{\"@id\":\"https:\/\/fireup.io.vn\/#primaryimage\"},\"thumbnailUrl\":\"https:\/\/fireup.io.vn\/wp-content\/uploads\/2025\/10\/Picture7.png\",\"datePublished\":\"2025-10-08T09:49:19+00:00\",\"dateModified\":\"2025-10-09T15:15:20+00:00\",\"breadcrumb\":{\"@id\":\"https:\/\/fireup.io.vn\/#breadcrumb\"},\"inLanguage\":\"vi\",\"potentialAction\":[{\"@type\":\"ReadAction\",\"target\":[\"https:\/\/fireup.io.vn\/\"]}]},{\"@type\":\"ImageObject\",\"inLanguage\":\"vi\",\"@id\":\"https:\/\/fireup.io.vn\/#primaryimage\",\"url\":\"https:\/\/fireup.io.vn\/wp-content\/uploads\/2025\/10\/Picture7.png\",\"contentUrl\":\"https:\/\/fireup.io.vn\/wp-content\/uploads\/2025\/10\/Picture7.png\",\"width\":612,\"height\":398},{\"@type\":\"BreadcrumbList\",\"@id\":\"https:\/\/fireup.io.vn\/#breadcrumb\",\"itemListElement\":[{\"@type\":\"ListItem\",\"position\":1,\"name\":\"Trang ch\u1ee7\",\"item\":\"https:\/\/fireup.io.vn\/\"},{\"@type\":\"ListItem\",\"position\":2,\"name\":\"V\u1ec1 Ch\u00fang T\u00f4i\"}]},{\"@type\":\"WebSite\",\"@id\":\"https:\/\/fireup.io.vn\/#website\",\"url\":\"https:\/\/fireup.io.vn\/\",\"name\":\"My Company\",\"description\":\"\",\"publisher\":{\"@id\":\"https:\/\/fireup.io.vn\/#organization\"},\"potentialAction\":[{\"@type\":\"SearchAction\",\"target\":{\"@type\":\"EntryPoint\",\"urlTemplate\":\"https:\/\/fireup.io.vn\/?s={search_term_string}\"},\"query-input\":{\"@type\":\"PropertyValueSpecification\",\"valueRequired\":true,\"valueName\":\"search_term_string\"}}],\"inLanguage\":\"vi\"},{\"@type\":\"Organization\",\"@id\":\"https:\/\/fireup.io.vn\/#organization\",\"name\":\"My Company\",\"url\":\"https:\/\/fireup.io.vn\/\",\"logo\":{\"@type\":\"ImageObject\",\"inLanguage\":\"vi\",\"@id\":\"https:\/\/fireup.io.vn\/#\/schema\/logo\/image\/\",\"url\":\"https:\/\/fireup.io.vn\/wp-content\/uploads\/2025\/10\/cropped-cropped-cropped-z7088882313162_fa395fe702a3f6b22a578824b29c69d6-removebg-preview.png\",\"contentUrl\":\"https:\/\/fireup.io.vn\/wp-content\/uploads\/2025\/10\/cropped-cropped-cropped-z7088882313162_fa395fe702a3f6b22a578824b29c69d6-removebg-preview.png\",\"width\":259,\"height\":262,\"caption\":\"My Company\"},\"image\":{\"@id\":\"https:\/\/fireup.io.vn\/#\/schema\/logo\/image\/\"}}]}<\/script>\n<!-- \/ Yoast SEO plugin. -->","yoast_head_json":{"title":"V\u1ec1 Ch\u00fang T\u00f4i - My Company","robots":{"index":"index","follow":"follow","max-snippet":"max-snippet:-1","max-image-preview":"max-image-preview:large","max-video-preview":"max-video-preview:-1"},"canonical":"https:\/\/fireup.io.vn\/","og_locale":"vi_VN","og_type":"article","og_title":"V\u1ec1 Ch\u00fang T\u00f4i - My Company","og_description":"FireUp Fire Up l\u00e0 n\u01a1i ch\u00fang t\u00f4i ch\u00e2m ng\u00f2i v\u00e0 lan t\u1ecfa ng\u1ecdn l\u1eeda \u0111am m\u00ea kh\u1edfi nghi\u1ec7p, bi\u1ebfn nh\u1eefng \u00fd t\u01b0\u1edfng t\u00e1o b\u1ea1o nh\u1ea5t th\u00e0nh k\u1ebf ho\u1ea1ch h\u00e0nh \u0111\u1ed9ng c\u1ee5 th\u1ec3. &nbsp;","og_url":"https:\/\/fireup.io.vn\/","og_site_name":"My Company","article_modified_time":"2025-10-09T15:15:20+00:00","og_image":[{"width":576,"height":303,"url":"https:\/\/fireup.io.vn\/wp-content\/uploads\/2025\/10\/Picture6.png","type":"image\/png"}],"twitter_card":"summary_large_image","twitter_misc":{"\u01af\u1edbc t\u00ednh th\u1eddi gian \u0111\u1ecdc":"2 ph\u00fat"},"schema":{"@context":"https:\/\/schema.org","@graph":[{"@type":"WebPage","@id":"https:\/\/fireup.io.vn\/","url":"https:\/\/fireup.io.vn\/","name":"V\u1ec1 Ch\u00fang T\u00f4i - My Company","isPartOf":{"@id":"https:\/\/fireup.io.vn\/#website"},"primaryImageOfPage":{"@id":"https:\/\/fireup.io.vn\/#primaryimage"},"image":{"@id":"https:\/\/fireup.io.vn\/#primaryimage"},"thumbnailUrl":"https:\/\/fireup.io.vn\/wp-content\/uploads\/2025\/10\/Picture7.png","datePublished":"2025-10-08T09:49:19+00:00","dateModified":"2025-10-09T15:15:20+00:00","breadcrumb":{"@id":"https:\/\/fireup.io.vn\/#breadcrumb"},"inLanguage":"vi","potentialAction":[{"@type":"ReadAction","target":["https:\/\/fireup.io.vn\/"]}]},{"@type":"ImageObject","inLanguage":"vi","@id":"https:\/\/fireup.io.vn\/#primaryimage","url":"https:\/\/fireup.io.vn\/wp-content\/uploads\/2025\/10\/Picture7.png","contentUrl":"https:\/\/fireup.io.vn\/wp-content\/uploads\/2025\/10\/Picture7.png","width":612,"height":398},{"@type":"BreadcrumbList","@id":"https:\/\/fireup.io.vn\/#breadcrumb","itemListElement":[{"@type":"ListItem","position":1,"name":"Trang ch\u1ee7","item":"https:\/\/fireup.io.vn\/"},{"@type":"ListItem","position":2,"name":"V\u1ec1 Ch\u00fang T\u00f4i"}]},{"@type":"WebSite","@id":"https:\/\/fireup.io.vn\/#website","url":"https:\/\/fireup.io.vn\/","name":"My Company","description":"","publisher":{"@id":"https:\/\/fireup.io.vn\/#organization"},"potentialAction":[{"@type":"SearchAction","target":{"@type":"EntryPoint","urlTemplate":"https:\/\/fireup.io.vn\/?s={search_term_string}"},"query-input":{"@type":"PropertyValueSpecification","valueRequired":true,"valueName":"search_term_string"}}],"inLanguage":"vi"},{"@type":"Organization","@id":"https:\/\/fireup.io.vn\/#organization","name":"My Company","url":"https:\/\/fireup.io.vn\/","logo":{"@type":"ImageObject","inLanguage":"vi","@id":"https:\/\/fireup.io.vn\/#\/schema\/logo\/image\/","url":"https:\/\/fireup.io.vn\/wp-content\/uploads\/2025\/10\/cropped-cropped-cropped-z7088882313162_fa395fe702a3f6b22a578824b29c69d6-removebg-preview.png","contentUrl":"https:\/\/fireup.io.vn\/wp-content\/uploads\/2025\/10\/cropped-cropped-cropped-z7088882313162_fa395fe702a3f6b22a578824b29c69d6-removebg-preview.png","width":259,"height":262,"caption":"My Company"},"image":{"@id":"https:\/\/fireup.io.vn\/#\/schema\/logo\/image\/"}}]}},"_links":{"self":[{"href":"https:\/\/fireup.io.vn\/index.php\/wp-json\/wp\/v2\/pages\/15","targetHints":{"allow":["GET"]}}],"collection":[{"href":"https:\/\/fireup.io.vn\/index.php\/wp-json\/wp\/v2\/pages"}],"about":[{"href":"https:\/\/fireup.io.vn\/index.php\/wp-json\/wp\/v2\/types\/page"}],"author":[{"embeddable":true,"href":"https:\/\/fireup.io.vn\/index.php\/wp-json\/wp\/v2\/users\/1"}],"replies":[{"embeddable":true,"href":"https:\/\/fireup.io.vn\/index.php\/wp-json\/wp\/v2\/comments?post=15"}],"version-history":[{"count":5,"href":"https:\/\/fireup.io.vn\/index.php\/wp-json\/wp\/v2\/pages\/15\/revisions"}],"predecessor-version":[{"id":87,"href":"https:\/\/fireup.io.vn\/index.php\/wp-json\/wp\/v2\/pages\/15\/revisions\/87"}],"wp:featuredmedia":[{"embeddable":true,"href":"https:\/\/fireup.io.vn\/index.php\/wp-json\/wp\/v2\/media\/91"}],"wp:attachment":[{"href":"https:\/\/fireup.io.vn\/index.php\/wp-json\/wp\/v2\/media?parent=15"}],"curies":[{"name":"wp","href":"https:\/\/api.w.org\/{rel}","templated":true}]}}