{"id":2,"date":"2025-09-30T08:28:43","date_gmt":"2025-09-30T08:28:43","guid":{"rendered":"https:\/\/fireup.io.vn\/?page_id=2"},"modified":"2025-10-09T15:19:09","modified_gmt":"2025-10-09T15:19:09","slug":"sample-page","status":"publish","type":"page","link":"https:\/\/fireup.io.vn\/index.php\/sample-page\/","title":{"rendered":"Fire Up"},"content":{"rendered":"<p><span>Fire Up l\u00e0 n\u01a1i ch\u00fang t\u00f4i ch\u00e2m ng\u00f2i v\u00e0 lan t\u1ecfa ng\u1ecdn l\u1eeda \u0111am m\u00ea kh\u1edfi nghi\u1ec7p, bi\u1ebfn nh\u1eefng \u00fd t\u01b0\u1edfng t\u00e1o b\u1ea1o nh\u1ea5t th\u00e0nh k\u1ebf ho\u1ea1ch h\u00e0nh \u0111\u1ed9ng c\u1ee5 th\u1ec3. Ch\u00fang t\u00f4i cam k\u1ebft tr\u1edf th\u00e0nh ngu\u1ed3n ki\u1ebfn th\u1ee9c uy t\u00edn, \u0111\u1ed3ng th\u1eddi l\u00e0 di\u1ec5n \u0111\u00e0n truy\u1ec1n c\u1ea3m h\u1ee9ng m\u1ea1nh m\u1ebd \u0111\u1ec3 b\u1ea1n s\u1eb5n s\u00e0ng k\u00edch ho\u1ea1t h\u00e0nh tr\u00ecnh kinh doanh c\u1ee7a m\u00ecnh. N\u1ebfu b\u1ea1n \u0111ang t\u00ecm ki\u1ebfm \u0111\u1ed9ng l\u1ef1c v\u00e0 \u0111\u1ecbnh h\u01b0\u1edbng \u0111\u1ec3 b\u1ee9t ph\u00e1, Fire Up ch\u00ednh l\u00e0 \u0111i\u1ec3m kh\u1edfi \u0111\u1ea7u cho m\u1ecdi th\u00e0nh c\u00f4ng.<\/span><\/p>\n","protected":false},"excerpt":{"rendered":"<p>Fire Up l\u00e0 n\u01a1i ch\u00fang t\u00f4i ch\u00e2m ng\u00f2i v\u00e0 lan t\u1ecfa ng\u1ecdn l\u1eeda \u0111am m\u00ea kh\u1edfi nghi\u1ec7p, bi\u1ebfn nh\u1eefng \u00fd t\u01b0\u1edfng t\u00e1o b\u1ea1o nh\u1ea5t th\u00e0nh k\u1ebf ho\u1ea1ch h\u00e0nh \u0111\u1ed9ng c\u1ee5 th\u1ec3. Ch\u00fang t\u00f4i cam k\u1ebft tr\u1edf th\u00e0nh ngu\u1ed3n ki\u1ebfn th\u1ee9c uy t\u00edn, \u0111\u1ed3ng th\u1eddi l\u00e0 di\u1ec5n \u0111\u00e0n truy\u1ec1n c\u1ea3m h\u1ee9ng [&hellip;]<\/p>\n","protected":false},"author":1,"featured_media":0,"parent":0,"menu_order":0,"comment_status":"closed","ping_status":"open","template":"","meta":{"_themeisle_gutenberg_block_has_review":false,"footnotes":""},"class_list":["post-2","page","type-page","status-publish","hentry"],"yoast_head":"<!-- This site is optimized with the Yoast SEO plugin v26.0 - https:\/\/yoast.com\/wordpress\/plugins\/seo\/ -->\n<title>Fire Up - My Company<\/title>\n<meta name=\"robots\" content=\"index, follow, max-snippet:-1, max-image-preview:large, max-video-preview:-1\" \/>\n<link rel=\"canonical\" href=\"https:\/\/fireup.io.vn\/index.php\/sample-page\/\" \/>\n<meta property=\"og:locale\" content=\"vi_VN\" \/>\n<meta property=\"og:type\" content=\"article\" \/>\n<meta property=\"og:title\" content=\"Fire Up - My Company\" \/>\n<meta property=\"og:description\" content=\"Fire Up l\u00e0 n\u01a1i ch\u00fang t\u00f4i ch\u00e2m ng\u00f2i v\u00e0 lan t\u1ecfa ng\u1ecdn l\u1eeda \u0111am m\u00ea kh\u1edfi nghi\u1ec7p, bi\u1ebfn nh\u1eefng \u00fd t\u01b0\u1edfng t\u00e1o b\u1ea1o nh\u1ea5t th\u00e0nh k\u1ebf ho\u1ea1ch h\u00e0nh \u0111\u1ed9ng c\u1ee5 th\u1ec3. Ch\u00fang t\u00f4i cam k\u1ebft tr\u1edf th\u00e0nh ngu\u1ed3n ki\u1ebfn th\u1ee9c uy t\u00edn, \u0111\u1ed3ng th\u1eddi l\u00e0 di\u1ec5n \u0111\u00e0n truy\u1ec1n c\u1ea3m h\u1ee9ng [&hellip;]\" \/>\n<meta property=\"og:url\" content=\"https:\/\/fireup.io.vn\/index.php\/sample-page\/\" \/>\n<meta property=\"og:site_name\" content=\"My Company\" \/>\n<meta property=\"article:modified_time\" content=\"2025-10-09T15:19:09+00:00\" \/>\n<meta name=\"twitter:card\" content=\"summary_large_image\" \/>\n<meta name=\"twitter:label1\" content=\"\u01af\u1edbc t\u00ednh th\u1eddi gian \u0111\u1ecdc\" \/>\n\t<meta name=\"twitter:data1\" content=\"1 ph\u00fat\" \/>\n<script type=\"application\/ld+json\" class=\"yoast-schema-graph\">{\"@context\":\"https:\/\/schema.org\",\"@graph\":[{\"@type\":\"WebPage\",\"@id\":\"https:\/\/fireup.io.vn\/index.php\/sample-page\/\",\"url\":\"https:\/\/fireup.io.vn\/index.php\/sample-page\/\",\"name\":\"Fire Up - My Company\",\"isPartOf\":{\"@id\":\"https:\/\/fireup.io.vn\/#website\"},\"datePublished\":\"2025-09-30T08:28:43+00:00\",\"dateModified\":\"2025-10-09T15:19:09+00:00\",\"breadcrumb\":{\"@id\":\"https:\/\/fireup.io.vn\/index.php\/sample-page\/#breadcrumb\"},\"inLanguage\":\"vi\",\"potentialAction\":[{\"@type\":\"ReadAction\",\"target\":[\"https:\/\/fireup.io.vn\/index.php\/sample-page\/\"]}]},{\"@type\":\"BreadcrumbList\",\"@id\":\"https:\/\/fireup.io.vn\/index.php\/sample-page\/#breadcrumb\",\"itemListElement\":[{\"@type\":\"ListItem\",\"position\":1,\"name\":\"Trang ch\u1ee7\",\"item\":\"https:\/\/fireup.io.vn\/\"},{\"@type\":\"ListItem\",\"position\":2,\"name\":\"Fire Up\"}]},{\"@type\":\"WebSite\",\"@id\":\"https:\/\/fireup.io.vn\/#website\",\"url\":\"https:\/\/fireup.io.vn\/\",\"name\":\"My Company\",\"description\":\"\",\"publisher\":{\"@id\":\"https:\/\/fireup.io.vn\/#organization\"},\"potentialAction\":[{\"@type\":\"SearchAction\",\"target\":{\"@type\":\"EntryPoint\",\"urlTemplate\":\"https:\/\/fireup.io.vn\/?s={search_term_string}\"},\"query-input\":{\"@type\":\"PropertyValueSpecification\",\"valueRequired\":true,\"valueName\":\"search_term_string\"}}],\"inLanguage\":\"vi\"},{\"@type\":\"Organization\",\"@id\":\"https:\/\/fireup.io.vn\/#organization\",\"name\":\"My Company\",\"url\":\"https:\/\/fireup.io.vn\/\",\"logo\":{\"@type\":\"ImageObject\",\"inLanguage\":\"vi\",\"@id\":\"https:\/\/fireup.io.vn\/#\/schema\/logo\/image\/\",\"url\":\"https:\/\/fireup.io.vn\/wp-content\/uploads\/2025\/10\/cropped-cropped-cropped-z7088882313162_fa395fe702a3f6b22a578824b29c69d6-removebg-preview.png\",\"contentUrl\":\"https:\/\/fireup.io.vn\/wp-content\/uploads\/2025\/10\/cropped-cropped-cropped-z7088882313162_fa395fe702a3f6b22a578824b29c69d6-removebg-preview.png\",\"width\":259,\"height\":262,\"caption\":\"My Company\"},\"image\":{\"@id\":\"https:\/\/fireup.io.vn\/#\/schema\/logo\/image\/\"}}]}<\/script>\n<!-- \/ Yoast SEO plugin. -->","yoast_head_json":{"title":"Fire Up - My Company","robots":{"index":"index","follow":"follow","max-snippet":"max-snippet:-1","max-image-preview":"max-image-preview:large","max-video-preview":"max-video-preview:-1"},"canonical":"https:\/\/fireup.io.vn\/index.php\/sample-page\/","og_locale":"vi_VN","og_type":"article","og_title":"Fire Up - My Company","og_description":"Fire Up l\u00e0 n\u01a1i ch\u00fang t\u00f4i ch\u00e2m ng\u00f2i v\u00e0 lan t\u1ecfa ng\u1ecdn l\u1eeda \u0111am m\u00ea kh\u1edfi nghi\u1ec7p, bi\u1ebfn nh\u1eefng \u00fd t\u01b0\u1edfng t\u00e1o b\u1ea1o nh\u1ea5t th\u00e0nh k\u1ebf ho\u1ea1ch h\u00e0nh \u0111\u1ed9ng c\u1ee5 th\u1ec3. Ch\u00fang t\u00f4i cam k\u1ebft tr\u1edf th\u00e0nh ngu\u1ed3n ki\u1ebfn th\u1ee9c uy t\u00edn, \u0111\u1ed3ng th\u1eddi l\u00e0 di\u1ec5n \u0111\u00e0n truy\u1ec1n c\u1ea3m h\u1ee9ng [&hellip;]","og_url":"https:\/\/fireup.io.vn\/index.php\/sample-page\/","og_site_name":"My Company","article_modified_time":"2025-10-09T15:19:09+00:00","twitter_card":"summary_large_image","twitter_misc":{"\u01af\u1edbc t\u00ednh th\u1eddi gian \u0111\u1ecdc":"1 ph\u00fat"},"schema":{"@context":"https:\/\/schema.org","@graph":[{"@type":"WebPage","@id":"https:\/\/fireup.io.vn\/index.php\/sample-page\/","url":"https:\/\/fireup.io.vn\/index.php\/sample-page\/","name":"Fire Up - My Company","isPartOf":{"@id":"https:\/\/fireup.io.vn\/#website"},"datePublished":"2025-09-30T08:28:43+00:00","dateModified":"2025-10-09T15:19:09+00:00","breadcrumb":{"@id":"https:\/\/fireup.io.vn\/index.php\/sample-page\/#breadcrumb"},"inLanguage":"vi","potentialAction":[{"@type":"ReadAction","target":["https:\/\/fireup.io.vn\/index.php\/sample-page\/"]}]},{"@type":"BreadcrumbList","@id":"https:\/\/fireup.io.vn\/index.php\/sample-page\/#breadcrumb","itemListElement":[{"@type":"ListItem","position":1,"name":"Trang ch\u1ee7","item":"https:\/\/fireup.io.vn\/"},{"@type":"ListItem","position":2,"name":"Fire Up"}]},{"@type":"WebSite","@id":"https:\/\/fireup.io.vn\/#website","url":"https:\/\/fireup.io.vn\/","name":"My Company","description":"","publisher":{"@id":"https:\/\/fireup.io.vn\/#organization"},"potentialAction":[{"@type":"SearchAction","target":{"@type":"EntryPoint","urlTemplate":"https:\/\/fireup.io.vn\/?s={search_term_string}"},"query-input":{"@type":"PropertyValueSpecification","valueRequired":true,"valueName":"search_term_string"}}],"inLanguage":"vi"},{"@type":"Organization","@id":"https:\/\/fireup.io.vn\/#organization","name":"My Company","url":"https:\/\/fireup.io.vn\/","logo":{"@type":"ImageObject","inLanguage":"vi","@id":"https:\/\/fireup.io.vn\/#\/schema\/logo\/image\/","url":"https:\/\/fireup.io.vn\/wp-content\/uploads\/2025\/10\/cropped-cropped-cropped-z7088882313162_fa395fe702a3f6b22a578824b29c69d6-removebg-preview.png","contentUrl":"https:\/\/fireup.io.vn\/wp-content\/uploads\/2025\/10\/cropped-cropped-cropped-z7088882313162_fa395fe702a3f6b22a578824b29c69d6-removebg-preview.png","width":259,"height":262,"caption":"My Company"},"image":{"@id":"https:\/\/fireup.io.vn\/#\/schema\/logo\/image\/"}}]}},"_links":{"self":[{"href":"https:\/\/fireup.io.vn\/index.php\/wp-json\/wp\/v2\/pages\/2","targetHints":{"allow":["GET"]}}],"collection":[{"href":"https:\/\/fireup.io.vn\/index.php\/wp-json\/wp\/v2\/pages"}],"about":[{"href":"https:\/\/fireup.io.vn\/index.php\/wp-json\/wp\/v2\/types\/page"}],"author":[{"embeddable":true,"href":"https:\/\/fireup.io.vn\/index.php\/wp-json\/wp\/v2\/users\/1"}],"replies":[{"embeddable":true,"href":"https:\/\/fireup.io.vn\/index.php\/wp-json\/wp\/v2\/comments?post=2"}],"version-history":[{"count":2,"href":"https:\/\/fireup.io.vn\/index.php\/wp-json\/wp\/v2\/pages\/2\/revisions"}],"predecessor-version":[{"id":88,"href":"https:\/\/fireup.io.vn\/index.php\/wp-json\/wp\/v2\/pages\/2\/revisions\/88"}],"wp:attachment":[{"href":"https:\/\/fireup.io.vn\/index.php\/wp-json\/wp\/v2\/media?parent=2"}],"curies":[{"name":"wp","href":"https:\/\/api.w.org\/{rel}","templated":true}]}}